{"id":2616,"date":"2022-02-18T09:20:22","date_gmt":"2022-02-18T08:20:22","guid":{"rendered":"https:\/\/libreetzen.com\/?page_id=2616"},"modified":"2026-03-08T11:22:55","modified_gmt":"2026-03-08T10:22:55","slug":"actualites","status":"publish","type":"page","link":"https:\/\/libreetzen.com\/?page_id=2616","title":{"rendered":"Actualit\u00e9s"},"content":{"rendered":"\t\t<div data-elementor-type=\"wp-page\" data-elementor-id=\"2616\" class=\"elementor elementor-2616\" data-elementor-post-type=\"page\">\n\t\t\t\t\t\t<section class=\"elementor-section elementor-top-section elementor-element elementor-element-11e57068 elementor-section-boxed elementor-section-height-default elementor-section-height-default\" data-id=\"11e57068\" data-element_type=\"section\" data-e-type=\"section\" data-settings=\"{&quot;background_background&quot;:&quot;classic&quot;,&quot;shape_divider_bottom&quot;:&quot;waves&quot;}\">\n\t\t\t\t\t\t\t<div class=\"elementor-background-overlay\"><\/div>\n\t\t\t\t\t\t<div class=\"elementor-shape elementor-shape-bottom\" aria-hidden=\"true\" data-negative=\"false\">\n\t\t\t<svg xmlns=\"http:\/\/www.w3.org\/2000\/svg\" viewBox=\"0 0 1000 100\" preserveAspectRatio=\"none\">\n\t<path class=\"elementor-shape-fill\" d=\"M421.9,6.5c22.6-2.5,51.5,0.4,75.5,5.3c23.6,4.9,70.9,23.5,100.5,35.7c75.8,32.2,133.7,44.5,192.6,49.7\n\tc23.6,2.1,48.7,3.5,103.4-2.5c54.7-6,106.2-25.6,106.2-25.6V0H0v30.3c0,0,72,32.6,158.4,30.5c39.2-0.7,92.8-6.7,134-22.4\n\tc21.2-8.1,52.2-18.2,79.7-24.2C399.3,7.9,411.6,7.5,421.9,6.5z\"\/>\n<\/svg>\t\t<\/div>\n\t\t\t\t\t<div class=\"elementor-container elementor-column-gap-default\">\n\t\t\t\t\t<div class=\"elementor-column elementor-col-100 elementor-top-column elementor-element elementor-element-5fad0f0c\" data-id=\"5fad0f0c\" data-element_type=\"column\" data-e-type=\"column\">\n\t\t\t<div class=\"elementor-widget-wrap elementor-element-populated\">\n\t\t\t\t\t\t<div class=\"elementor-element elementor-element-2155f3ab elementor-widget elementor-widget-heading\" data-id=\"2155f3ab\" data-element_type=\"widget\" data-e-type=\"widget\" data-widget_type=\"heading.default\">\n\t\t\t\t<div class=\"elementor-widget-container\">\n\t\t\t\t\t<h1 class=\"elementor-heading-title elementor-size-default\">A  propos<\/h1>\t\t\t\t<\/div>\n\t\t\t\t<\/div>\n\t\t\t\t\t<\/div>\n\t\t<\/div>\n\t\t\t\t\t<\/div>\n\t\t<\/section>\n\t\t\t\t<section class=\"elementor-section elementor-top-section elementor-element elementor-element-3c28d25 elementor-section-boxed elementor-section-height-default elementor-section-height-default\" data-id=\"3c28d25\" data-element_type=\"section\" data-e-type=\"section\" data-settings=\"{&quot;background_background&quot;:&quot;classic&quot;}\">\n\t\t\t\t\t\t\t<div class=\"elementor-background-overlay\"><\/div>\n\t\t\t\t\t\t\t<div class=\"elementor-container elementor-column-gap-default\">\n\t\t\t\t\t<div class=\"elementor-column elementor-col-50 elementor-top-column elementor-element elementor-element-759604fb\" data-id=\"759604fb\" data-element_type=\"column\" data-e-type=\"column\">\n\t\t\t<div class=\"elementor-widget-wrap elementor-element-populated\">\n\t\t\t\t\t\t<div class=\"elementor-element elementor-element-c595984 elementor-widget elementor-widget-image\" data-id=\"c595984\" data-element_type=\"widget\" data-e-type=\"widget\" data-widget_type=\"image.default\">\n\t\t\t\t<div class=\"elementor-widget-container\">\n\t\t\t\t\t\t\t\t\t\t\t\t\t\t\t<img fetchpriority=\"high\" decoding=\"async\" width=\"883\" height=\"882\" src=\"https:\/\/libreetzen.com\/wp-content\/uploads\/2022\/01\/logo-purina.png\" class=\"attachment-full size-full wp-image-1737\" alt=\"\" srcset=\"https:\/\/libreetzen.com\/wp-content\/uploads\/2022\/01\/logo-purina.png 883w, https:\/\/libreetzen.com\/wp-content\/uploads\/2022\/01\/logo-purina-300x300.png 300w, https:\/\/libreetzen.com\/wp-content\/uploads\/2022\/01\/logo-purina-150x150.png 150w, https:\/\/libreetzen.com\/wp-content\/uploads\/2022\/01\/logo-purina-768x767.png 768w, https:\/\/libreetzen.com\/wp-content\/uploads\/2022\/01\/logo-purina-100x100.png 100w\" sizes=\"(max-width: 883px) 100vw, 883px\" \/>\t\t\t\t\t\t\t\t\t\t\t\t\t\t\t<\/div>\n\t\t\t\t<\/div>\n\t\t\t\t<div class=\"elementor-element elementor-element-6b7d7ea0 elementor-widget__width-initial elementor-widget elementor-widget-heading\" data-id=\"6b7d7ea0\" data-element_type=\"widget\" data-e-type=\"widget\" data-widget_type=\"heading.default\">\n\t\t\t\t<div class=\"elementor-widget-container\">\n\t\t\t\t\t<h2 class=\"elementor-heading-title elementor-size-default\">\nBienvenue chez Libre et Zen\n<\/h2>\t\t\t\t<\/div>\n\t\t\t\t<\/div>\n\t\t\t\t<div class=\"elementor-element elementor-element-32941dcf elementor-widget elementor-widget-text-editor\" data-id=\"32941dcf\" data-element_type=\"widget\" data-e-type=\"widget\" data-widget_type=\"text-editor.default\">\n\t\t\t\t<div class=\"elementor-widget-container\">\n\t\t\t\t\t\t\t\t\t<p>Hello \ud83c\udf3f<\/p><p>Bienvenue chez Libre et Zen \u2728<\/p><p>Moi, c&rsquo;est Ga\u00eblle<br \/>Qui suis-je ?<\/p><p>Apr\u00e8s mon bac, je suis partie un an en Australie \u00e0 travailler comme fille au pair \ud83c\udde6\ud83c\uddfa Une exp\u00e9rience riche qui m&rsquo;a ouverte aux autres et au monde<\/p><p>De retour en France, j&rsquo;ai travaill\u00e9 cinq ans dans le domaine du m\u00e9dico-social en tant que monitrice \u00e9ducatrice. Un m\u00e9tier prenant humainement, centr\u00e9 sur l&rsquo;accompagnement et l&rsquo;\u00e9coute \u2728<\/p><p>Avec le temps, j&rsquo;ai ressenti l&rsquo;envie d&rsquo;accompagner autrement \ud83c\udf3f<\/p><p>Je voulais \u00eatre enfin autonome, construire mon propre accompagnement, plus d&rsquo;obligations institutionnelles, plus de pressions<\/p><p>Apporter de la d\u00e9tente et de l&rsquo;apaisement par le massage plut\u00f4t que par la parole et les plannings \ud83c\udf3f<\/p><p>Et me voici masseuse !<\/p><p>Je me suis form\u00e9e \u00e0 plusieurs techniques de massages pour vous proposer LE massage qui vous parle le plus, qui r\u00e9pond au mieux \u00e0 vos besoins et souhaits \ud83c\udf38<\/p><p>Pourquoi Libre et Zen ?<\/p><p>Parce que c&rsquo;est ce que je souhaite ressentir le plus souvent au quotidien \ud83d\udca7<\/p><p>\u00catre Libre de toute pression, injonction, obligation. Libre de se choisir.<\/p><p>Et Zen parce que c&rsquo;est la meilleure sensation, non ? \ud83c\udf38<\/p>\t\t\t\t\t\t\t\t<\/div>\n\t\t\t\t<\/div>\n\t\t\t\t<div class=\"elementor-element elementor-element-4be5efe6 elementor-widget elementor-widget-heading\" data-id=\"4be5efe6\" data-element_type=\"widget\" data-e-type=\"widget\" data-widget_type=\"heading.default\">\n\t\t\t\t<div class=\"elementor-widget-container\">\n\t\t\t\t\t<h5 class=\"elementor-heading-title elementor-size-default\">Ga\u00eblle Puechberty<\/h5>\t\t\t\t<\/div>\n\t\t\t\t<\/div>\n\t\t\t\t\t<\/div>\n\t\t<\/div>\n\t\t\t\t<div class=\"elementor-column elementor-col-50 elementor-top-column elementor-element elementor-element-66288cfd\" data-id=\"66288cfd\" data-element_type=\"column\" data-e-type=\"column\">\n\t\t\t<div class=\"elementor-widget-wrap elementor-element-populated\">\n\t\t\t\t\t\t<div class=\"elementor-element elementor-element-a4c39fd elementor-widget elementor-widget-image\" data-id=\"a4c39fd\" data-element_type=\"widget\" data-e-type=\"widget\" data-widget_type=\"image.default\">\n\t\t\t\t<div class=\"elementor-widget-container\">\n\t\t\t\t\t\t\t\t\t\t\t\t\t\t\t<img decoding=\"async\" width=\"810\" height=\"1024\" src=\"https:\/\/libreetzen.com\/wp-content\/uploads\/2025\/01\/WhatsApp-Image-2025-01-10-at-18.45.41-810x1024.jpeg\" class=\"attachment-large size-large wp-image-2834\" alt=\"\" srcset=\"https:\/\/libreetzen.com\/wp-content\/uploads\/2025\/01\/WhatsApp-Image-2025-01-10-at-18.45.41-810x1024.jpeg 810w, https:\/\/libreetzen.com\/wp-content\/uploads\/2025\/01\/WhatsApp-Image-2025-01-10-at-18.45.41-237x300.jpeg 237w, https:\/\/libreetzen.com\/wp-content\/uploads\/2025\/01\/WhatsApp-Image-2025-01-10-at-18.45.41-768x971.jpeg 768w, https:\/\/libreetzen.com\/wp-content\/uploads\/2025\/01\/WhatsApp-Image-2025-01-10-at-18.45.41-1215x1536.jpeg 1215w, https:\/\/libreetzen.com\/wp-content\/uploads\/2025\/01\/WhatsApp-Image-2025-01-10-at-18.45.41-1x1.jpeg 1w, https:\/\/libreetzen.com\/wp-content\/uploads\/2025\/01\/WhatsApp-Image-2025-01-10-at-18.45.41.jpeg 1266w\" sizes=\"(max-width: 810px) 100vw, 810px\" \/>\t\t\t\t\t\t\t\t\t\t\t\t\t\t\t<\/div>\n\t\t\t\t<\/div>\n\t\t\t\t\t<\/div>\n\t\t<\/div>\n\t\t\t\t\t<\/div>\n\t\t<\/section>\n\t\t\t\t<section class=\"elementor-section elementor-top-section elementor-element elementor-element-69c04846 elementor-section-boxed elementor-section-height-default elementor-section-height-default\" data-id=\"69c04846\" data-element_type=\"section\" data-e-type=\"section\" data-settings=\"{&quot;background_background&quot;:&quot;classic&quot;}\">\n\t\t\t\t\t\t\t<div class=\"elementor-background-overlay\"><\/div>\n\t\t\t\t\t\t\t<div class=\"elementor-container elementor-column-gap-default\">\n\t\t\t\t\t<div class=\"elementor-column elementor-col-100 elementor-top-column elementor-element elementor-element-0ad1577\" data-id=\"0ad1577\" data-element_type=\"column\" data-e-type=\"column\">\n\t\t\t<div class=\"elementor-widget-wrap\">\n\t\t\t\t\t\t\t<\/div>\n\t\t<\/div>\n\t\t\t\t\t<\/div>\n\t\t<\/section>\n\t\t\t\t<section class=\"elementor-section elementor-top-section elementor-element elementor-element-712946d9 elementor-reverse-tablet elementor-reverse-mobile elementor-section-boxed elementor-section-height-default elementor-section-height-default\" data-id=\"712946d9\" data-element_type=\"section\" data-e-type=\"section\" data-settings=\"{&quot;background_background&quot;:&quot;classic&quot;}\">\n\t\t\t\t\t\t<div class=\"elementor-container elementor-column-gap-default\">\n\t\t\t\t\t<div class=\"elementor-column elementor-col-50 elementor-top-column elementor-element elementor-element-4e93f11d\" data-id=\"4e93f11d\" data-element_type=\"column\" data-e-type=\"column\">\n\t\t\t<div class=\"elementor-widget-wrap elementor-element-populated\">\n\t\t\t\t\t\t<div class=\"elementor-element elementor-element-7e5391e6 elementor-widget__width-initial elementor-widget elementor-widget-image\" data-id=\"7e5391e6\" data-element_type=\"widget\" data-e-type=\"widget\" data-widget_type=\"image.default\">\n\t\t\t\t<div class=\"elementor-widget-container\">\n\t\t\t\t\t\t\t\t\t\t\t\t\t\t\t<img decoding=\"async\" width=\"1440\" height=\"1440\" src=\"https:\/\/libreetzen.com\/wp-content\/uploads\/2022\/01\/oman-s-body-with-back-massage-in-spa-salon-e1613529113280.jpg\" class=\"attachment-full size-full wp-image-1798\" alt=\"\" srcset=\"https:\/\/libreetzen.com\/wp-content\/uploads\/2022\/01\/oman-s-body-with-back-massage-in-spa-salon-e1613529113280.jpg 1440w, https:\/\/libreetzen.com\/wp-content\/uploads\/2022\/01\/oman-s-body-with-back-massage-in-spa-salon-e1613529113280-300x300.jpg 300w, https:\/\/libreetzen.com\/wp-content\/uploads\/2022\/01\/oman-s-body-with-back-massage-in-spa-salon-e1613529113280-1024x1024.jpg 1024w, https:\/\/libreetzen.com\/wp-content\/uploads\/2022\/01\/oman-s-body-with-back-massage-in-spa-salon-e1613529113280-150x150.jpg 150w, https:\/\/libreetzen.com\/wp-content\/uploads\/2022\/01\/oman-s-body-with-back-massage-in-spa-salon-e1613529113280-768x768.jpg 768w, https:\/\/libreetzen.com\/wp-content\/uploads\/2022\/01\/oman-s-body-with-back-massage-in-spa-salon-e1613529113280-100x100.jpg 100w\" sizes=\"(max-width: 1440px) 100vw, 1440px\" \/>\t\t\t\t\t\t\t\t\t\t\t\t\t\t\t<\/div>\n\t\t\t\t<\/div>\n\t\t\t\t<div class=\"elementor-element elementor-element-58936437 elementor-widget__width-auto elementor-absolute elementor-widget elementor-widget-elementskit-funfact\" data-id=\"58936437\" data-element_type=\"widget\" data-e-type=\"widget\" data-settings=\"{&quot;_position&quot;:&quot;absolute&quot;}\" data-widget_type=\"elementskit-funfact.default\">\n\t\t\t\t<div class=\"elementor-widget-container\">\n\t\t\t\t\t<div class=\"ekit-wid-con\" >\n\t\t<div class=\"elementskit-funfact text-center     \">\n\t\t\t\n\t\t\t<div class=\"elementskit-funfact-inner position_top\">\n\t\t\t\t\t\t\t\t\t<div class=\"funfact-icon\"> \t\t\t\t\t\t\t<i ><\/i>\n\n\t\t\t\t\t\t\t\n\t\t\t\t\t<\/div>\n\t\t\t\t\t\t\t\t\n\t\t\t\t<div class=\"funfact-content\">\n\t\t\t\t\t<div class=\"number-percentage-wraper\">\n\t\t\t\t\t\t\t\t\t\t\t\t<span class=\"number-percentage\"\n\t\t\t\t\t\t      data-value=\"120\"\n\t\t\t\t\t\t      data-animation-duration=\"3500\"\n\t\t\t\t\t\t\t  data-style=\"static\">0<\/span>\n\t\t\t\t\t\t\t\t\t\t\t\t\t\t\t\t\t\t\t<span class=\"super\">+<\/span>\n\t\t\t\t\t\t\t\t\t\t\t<\/div>\n\n\t\t\t\t\t<h3 class=\"funfact-title\">experience<\/h3>\t\t\t\t\t\t\t\t<\/div>\n\t\t<\/div>\n\t\t<\/div>\n\n\n\t\t<\/div>\t\t\t\t<\/div>\n\t\t\t\t<\/div>\n\t\t\t\t\t<\/div>\n\t\t<\/div>\n\t\t\t\t<div class=\"elementor-column elementor-col-50 elementor-top-column elementor-element elementor-element-18715d82\" data-id=\"18715d82\" data-element_type=\"column\" data-e-type=\"column\">\n\t\t\t<div class=\"elementor-widget-wrap elementor-element-populated\">\n\t\t\t\t\t\t<div class=\"elementor-element elementor-element-7c462b97 elementor-widget elementor-widget-heading\" data-id=\"7c462b97\" data-element_type=\"widget\" data-e-type=\"widget\" data-widget_type=\"heading.default\">\n\t\t\t\t<div class=\"elementor-widget-container\">\n\t\t\t\t\t<h2 class=\"elementor-heading-title elementor-size-default\">Mes sp\u00e9cialit\u00e9s<\/h2>\t\t\t\t<\/div>\n\t\t\t\t<\/div>\n\t\t\t\t<div class=\"elementor-element elementor-element-531e187a elementor-widget elementor-widget-elementskit-progressbar\" data-id=\"531e187a\" data-element_type=\"widget\" data-e-type=\"widget\" data-widget_type=\"elementskit-progressbar.default\">\n\t\t\t\t<div class=\"elementor-widget-container\">\n\t\t\t\t\t<div class=\"ekit-wid-con\" >        <div class=\"waypoint-tigger\">\n            <div class=\"skillbar-group \" data-progress-bar=\"\">\n                <div class=\"single-skill-bar\">\n                                            <div class=\"skill-bar-content\">\n                            <span class=\"skill-title\">Massage Californien <\/span>\n                        <\/div><!-- .skill-bar-content END -->\n                        <div class=\"skill-bar\">\n                            <div class=\"skill-track\">\n                                \n                                <div class=\"number-percentage-wraper\">\n                                    <span class=\"number-percentage\" data-value=\"90\" data-animation-duration=\"3500\">0<\/span>%\n\n                                                                    <\/div>\n                            <\/div>\n                        <\/div><!-- .skill-bar END -->\n                                    <\/div><!-- .single-skill-bar END -->\n            <\/div><!-- .skillbar-group END -->\n        <\/div>\n        <\/div>\t\t\t\t<\/div>\n\t\t\t\t<\/div>\n\t\t\t\t<div class=\"elementor-element elementor-element-5bb937f4 elementor-widget elementor-widget-elementskit-progressbar\" data-id=\"5bb937f4\" data-element_type=\"widget\" data-e-type=\"widget\" data-widget_type=\"elementskit-progressbar.default\">\n\t\t\t\t<div class=\"elementor-widget-container\">\n\t\t\t\t\t<div class=\"ekit-wid-con\" >        <div class=\"waypoint-tigger\">\n            <div class=\"skillbar-group \" data-progress-bar=\"\">\n                <div class=\"single-skill-bar\">\n                                            <div class=\"skill-bar-content\">\n                            <span class=\"skill-title\">Massage Japonais du visage<\/span>\n                        <\/div><!-- .skill-bar-content END -->\n                        <div class=\"skill-bar\">\n                            <div class=\"skill-track\">\n                                \n                                <div class=\"number-percentage-wraper\">\n                                    <span class=\"number-percentage\" data-value=\"97\" data-animation-duration=\"3500\">0<\/span>%\n\n                                                                    <\/div>\n                            <\/div>\n                        <\/div><!-- .skill-bar END -->\n                                    <\/div><!-- .single-skill-bar END -->\n            <\/div><!-- .skillbar-group END -->\n        <\/div>\n        <\/div>\t\t\t\t<\/div>\n\t\t\t\t<\/div>\n\t\t\t\t<div class=\"elementor-element elementor-element-cb92871 elementor-widget elementor-widget-elementskit-progressbar\" data-id=\"cb92871\" data-element_type=\"widget\" data-e-type=\"widget\" data-widget_type=\"elementskit-progressbar.default\">\n\t\t\t\t<div class=\"elementor-widget-container\">\n\t\t\t\t\t<div class=\"ekit-wid-con\" >        <div class=\"waypoint-tigger\">\n            <div class=\"skillbar-group \" data-progress-bar=\"\">\n                <div class=\"single-skill-bar\">\n                                            <div class=\"skill-bar-content\">\n                            <span class=\"skill-title\">Massage Dos<\/span>\n                        <\/div><!-- .skill-bar-content END -->\n                        <div class=\"skill-bar\">\n                            <div class=\"skill-track\">\n                                \n                                <div class=\"number-percentage-wraper\">\n                                    <span class=\"number-percentage\" data-value=\"93\" data-animation-duration=\"3500\">0<\/span>%\n\n                                                                    <\/div>\n                            <\/div>\n                        <\/div><!-- .skill-bar END -->\n                                    <\/div><!-- .single-skill-bar END -->\n            <\/div><!-- .skillbar-group END -->\n        <\/div>\n        <\/div>\t\t\t\t<\/div>\n\t\t\t\t<\/div>\n\t\t\t\t<div class=\"elementor-element elementor-element-5dd14b7e elementor-widget elementor-widget-elementskit-progressbar\" data-id=\"5dd14b7e\" data-element_type=\"widget\" data-e-type=\"widget\" data-widget_type=\"elementskit-progressbar.default\">\n\t\t\t\t<div class=\"elementor-widget-container\">\n\t\t\t\t\t<div class=\"ekit-wid-con\" >        <div class=\"waypoint-tigger\">\n            <div class=\"skillbar-group \" data-progress-bar=\"\">\n                <div class=\"single-skill-bar\">\n                                            <div class=\"skill-bar-content\">\n                            <span class=\"skill-title\">Massage Jambes<\/span>\n                        <\/div><!-- .skill-bar-content END -->\n                        <div class=\"skill-bar\">\n                            <div class=\"skill-track\">\n                                \n                                <div class=\"number-percentage-wraper\">\n                                    <span class=\"number-percentage\" data-value=\"87\" data-animation-duration=\"3500\">0<\/span>%\n\n                                                                    <\/div>\n                            <\/div>\n                        <\/div><!-- .skill-bar END -->\n                                    <\/div><!-- .single-skill-bar END -->\n            <\/div><!-- .skillbar-group END -->\n        <\/div>\n        <\/div>\t\t\t\t<\/div>\n\t\t\t\t<\/div>\n\t\t\t\t<div class=\"elementor-element elementor-element-59a7e41 elementor-widget elementor-widget-elementskit-progressbar\" data-id=\"59a7e41\" data-element_type=\"widget\" data-e-type=\"widget\" data-widget_type=\"elementskit-progressbar.default\">\n\t\t\t\t<div class=\"elementor-widget-container\">\n\t\t\t\t\t<div class=\"ekit-wid-con\" >        <div class=\"waypoint-tigger\">\n            <div class=\"skillbar-group \" data-progress-bar=\"\">\n                <div class=\"single-skill-bar\">\n                                            <div class=\"skill-bar-content\">\n                            <span class=\"skill-title\">Relaxation sonore aux bols chantants<\/span>\n                        <\/div><!-- .skill-bar-content END -->\n                        <div class=\"skill-bar\">\n                            <div class=\"skill-track\">\n                                \n                                <div class=\"number-percentage-wraper\">\n                                    <span class=\"number-percentage\" data-value=\"92\" data-animation-duration=\"3500\">0<\/span>%\n\n                                                                    <\/div>\n                            <\/div>\n                        <\/div><!-- .skill-bar END -->\n                                    <\/div><!-- .single-skill-bar END -->\n            <\/div><!-- .skillbar-group END -->\n        <\/div>\n        <\/div>\t\t\t\t<\/div>\n\t\t\t\t<\/div>\n\t\t\t\t\t<\/div>\n\t\t<\/div>\n\t\t\t\t\t<\/div>\n\t\t<\/section>\n\t\t\t\t<\/div>\n\t\t","protected":false},"excerpt":{"rendered":"<p>A propos Bienvenue chez Libre et Zen Hello \ud83c\udf3f Bienvenue chez Libre et Zen \u2728 Moi, c&rsquo;est Ga\u00eblleQui suis-je ? Apr\u00e8s mon bac, je suis partie un an en Australie \u00e0 travailler comme fille au pair \ud83c\udde6\ud83c\uddfa Une exp\u00e9rience riche qui m&rsquo;a ouverte aux autres et au monde De retour en France, j&rsquo;ai travaill\u00e9 cinq [&hellip;]<\/p>\n","protected":false},"author":1,"featured_media":0,"parent":0,"menu_order":0,"comment_status":"closed","ping_status":"closed","template":"elementor_header_footer","meta":{"_monsterinsights_skip_tracking":false,"_monsterinsights_sitenote_active":false,"_monsterinsights_sitenote_note":"","_monsterinsights_sitenote_category":0,"footnotes":""},"class_list":["post-2616","page","type-page","status-publish","hentry"],"aioseo_notices":[],"_links":{"self":[{"href":"https:\/\/libreetzen.com\/index.php?rest_route=\/wp\/v2\/pages\/2616","targetHints":{"allow":["GET"]}}],"collection":[{"href":"https:\/\/libreetzen.com\/index.php?rest_route=\/wp\/v2\/pages"}],"about":[{"href":"https:\/\/libreetzen.com\/index.php?rest_route=\/wp\/v2\/types\/page"}],"author":[{"embeddable":true,"href":"https:\/\/libreetzen.com\/index.php?rest_route=\/wp\/v2\/users\/1"}],"replies":[{"embeddable":true,"href":"https:\/\/libreetzen.com\/index.php?rest_route=%2Fwp%2Fv2%2Fcomments&post=2616"}],"version-history":[{"count":39,"href":"https:\/\/libreetzen.com\/index.php?rest_route=\/wp\/v2\/pages\/2616\/revisions"}],"predecessor-version":[{"id":2928,"href":"https:\/\/libreetzen.com\/index.php?rest_route=\/wp\/v2\/pages\/2616\/revisions\/2928"}],"wp:attachment":[{"href":"https:\/\/libreetzen.com\/index.php?rest_route=%2Fwp%2Fv2%2Fmedia&parent=2616"}],"curies":[{"name":"wp","href":"https:\/\/api.w.org\/{rel}","templated":true}]}}